{"id":908,"date":"2022-02-02T10:24:21","date_gmt":"2022-02-02T10:24:21","guid":{"rendered":"https:\/\/timcosas.com\/index.php\/about\/"},"modified":"2023-06-16T20:57:30","modified_gmt":"2023-06-17T01:57:30","slug":"about","status":"publish","type":"page","link":"https:\/\/timcosas.com\/index.php\/about\/","title":{"rendered":"Nuestra Compa\u00f1\u00eda"},"content":{"rendered":"\n<div class=\"wp-block-uagb-container uagb-block-d9ba9588 alignfull uagb-is-root-container\"><div class=\"uagb-container-inner-blocks-wrap\">\n<div class=\"wp-block-uagb-advanced-heading uagb-block-3cece1af\"><h1 class=\"uagb-heading-text\">TIMCO S.A.S.<\/h1><\/div>\n<\/div><\/div>\n\n\n\n<div class=\"wp-block-uagb-container uagb-block-99ffc87c alignfull uagb-is-root-container\"><div class=\"uagb-container-inner-blocks-wrap\">\n<div class=\"wp-block-uagb-container uagb-block-5e20e1f4\">\n<div class=\"wp-block-uagb-advanced-heading uagb-block-1cadc27c\"><h6 class=\"uagb-heading-text\">Plataforma Estrat\u00e9gica Empresarial<\/h6><\/div>\n\n\n\n<div class=\"wp-block-uagb-advanced-heading uagb-block-9188298e\"><h2 class=\"uagb-heading-text\">Pol\u00edtica Empresarial<\/h2><p class=\"uagb-desc-text\">La Direcci\u00f3n de <strong>TIMCO S.A.S<\/strong>. considera como principios b\u00e1sicos de su gesti\u00f3n y objetivo fundamental para ser competitiva en el mercado, de vital importancia fijar las acciones de I+D+I en la empresa. Para ello cuenta con los recursos humanos y materiales que garanticen la innovaci\u00f3n tecnol\u00f3gica y el desarrollo de productos y servicio para satisfacer las necesidades de las partes interesadas.<\/p><\/div>\n\n\n\n<p>Por ello todos los empleados y colaboradores del TIMCO S.A.S. se han de adherir y han de cumplir los siguientes requisitos:<\/p>\n\n\n\n<p>*Incrementar y consolidar la investigaci\u00f3n, desarrollo tecnol\u00f3gico e innovaci\u00f3n en la empresa.<br>Procurar una mejora continua de la eficiencia de nuestros procesos productivos y de gesti\u00f3n que nos permita ser competitivos en el mercado.<br>Mantener y aumentar el esfuerzo destinado a la I+D+i como eje central de las actividades de la empresa.<br>Analizar y valorar los proyectos y oportunidades de innovaci\u00f3n y llevar una adecuada gesti\u00f3n de proyectos en un entorno de Mejora Continua.<br>Involucrar a nuestro personal en la consecuci\u00f3n de esta Mejora Continua.<br>Potenciar una Pol\u00edtica de protecci\u00f3n y explotaci\u00f3n sostenible de los resultados obtenidos como consecuencia de sus procesos de gesti\u00f3n de la I+D+i.<\/p>\n\n\n\n<div class=\"wp-block-uagb-buttons uagb-buttons__outer-wrap uagb-btn__default-btn uagb-btn-tablet__default-btn uagb-btn-mobile__default-btn uagb-block-c137b7e3\"><div class=\"uagb-buttons__wrap uagb-buttons-layout-wrap\">\n<div class=\"wp-block-uagb-buttons-child uagb-buttons__outer-wrap uagb-block-712fc2f4 wp-block-button\"><div class=\"uagb-button__wrapper\"><a class=\"uagb-buttons-repeater wp-block-button__link has-background\" href=\"https:\/\/timcosas.com\/index.php\/contact\/\" onclick=\"return true;\" rel=\"follow noopener\" target=\"_self\"><div class=\"uagb-button__link\">CONTACTO<\/div><\/a><\/div><\/div>\n<\/div><\/div>\n<\/div>\n\n\n\n<div class=\"wp-block-uagb-container uagb-block-a7a32781\">\n<p><\/p>\n\n\n\n<p>La pol\u00edtica integrada de TIMCO S.A.S, es una declaraci\u00f3n de sus intenciones y principios apropiada al prop\u00f3sito de la organizaci\u00f3n y que proporciona un marco global para el establecimiento de objetivos y metas. La Direcci\u00f3n de Grupo se compromete, adem\u00e1s, a organizar, desarrollar y hacer el seguimiento de los programas y\/o actuaciones que sean necesarios que deber\u00e1 ser asumido por todos los empleados y colaboradores de la misma, con la finalidad de conseguir los objetivos. Esta pol\u00edtica es conocida y est\u00e1 a disposici\u00f3n de los trabajadores, as\u00ed como tambi\u00e9n a disposici\u00f3n de las partes interesadas a trav\u00e9s de la web.<\/p>\n\n\n\n<p>Dicha Pol\u00edtica ser\u00e1 revisada anualmente, comunicada a todos los empleados y puesta a disposici\u00f3n del p\u00fablico.<\/p>\n\n\n\n<div class=\"wp-block-uagb-info-box uagb-block-a90a8f7a uagb-infobox__content-wrap  uagb-infobox-icon-left uagb-infobox-left uagb-infobox-image-valign-middle\"><div class=\"uagb-ifb-image-content\"><img decoding=\"async\" src=\"http:\/\/timcosas.com\/wp-content\/uploads\/2021\/06\/testimonial-03-free-img-4.png\" alt=\"\" width=\"115\" height=\"115\" loading=\"lazy\"\/><\/div><div class=\"uagb-ifb-content\"><div class=\"uagb-ifb-title-wrap\"><h6 class=\"uagb-ifb-title\"><strong>Angela Amaya\u200b<\/strong><\/h6><\/div><p class=\"uagb-ifb-desc\">GERENTE\u200b<\/p><\/div><\/div>\n\n\n\n<div class=\"wp-block-uagb-advanced-heading uagb-block-d8315a47\"><h6 class=\"uagb-heading-text\">Contacto:<\/h6><p class=\"uagb-desc-text\">Tel\u00e9fono: +57 3156133690                    Email:  gerencia@timco.com\u200b<\/p><\/div>\n<\/div>\n<\/div><\/div>\n\n\n\n<div class=\"wp-block-uagb-container uagb-block-53b3b161 alignfull uagb-is-root-container\"><div class=\"uagb-container-inner-blocks-wrap\">\n<div class=\"wp-block-uagb-container uagb-block-f2a853bd\">\n<h2 class=\"wp-block-heading has-text-align-right has-ast-global-color-5-color has-text-color\">VISION<\/h2>\n<\/div>\n\n\n\n<div class=\"wp-block-columns is-layout-flex wp-container-core-columns-is-layout-28f84493 wp-block-columns-is-layout-flex\">\n<div class=\"wp-block-column is-layout-flow wp-block-column-is-layout-flow\" style=\"flex-basis:33.33%\">\n<figure class=\"wp-block-image size-large\"><img loading=\"lazy\" decoding=\"async\" width=\"1024\" height=\"682\" src=\"http:\/\/timcosas.com\/wp-content\/uploads\/2023\/05\/purchase-house-house-purchase-3113198-1024x682.jpg\" alt=\"purchase, house, house purchase-3113198.jpg\" class=\"wp-image-1544\" srcset=\"https:\/\/timcosas.com\/wp-content\/uploads\/2023\/05\/purchase-house-house-purchase-3113198-1024x682.jpg 1024w, https:\/\/timcosas.com\/wp-content\/uploads\/2023\/05\/purchase-house-house-purchase-3113198-600x400.jpg 600w, https:\/\/timcosas.com\/wp-content\/uploads\/2023\/05\/purchase-house-house-purchase-3113198-300x200.jpg 300w, https:\/\/timcosas.com\/wp-content\/uploads\/2023\/05\/purchase-house-house-purchase-3113198-768x512.jpg 768w, https:\/\/timcosas.com\/wp-content\/uploads\/2023\/05\/purchase-house-house-purchase-3113198.jpg 1280w\" sizes=\"auto, (max-width: 1024px) 100vw, 1024px\" \/><\/figure>\n<\/div>\n\n\n\n<div class=\"wp-block-column is-layout-flow wp-block-column-is-layout-flow\" style=\"flex-basis:66.66%\">\n<p class=\"has-ast-global-color-5-color has-text-color has-medium-font-size\">Ser los socios tecnol\u00f3gicos de nuestros clientes, aport\u00e1ndole soluciones en productos y servicios con alto valor tecnol\u00f3gico, convirti\u00e9ndonos en el proveedor l\u00edder del mercado a trav\u00e9s de la<strong>&nbsp;investigaci\u00f3n, desarrollo e <\/strong><strong>innovaci\u00f3n<\/strong><strong> <\/strong><strong>de<\/strong><strong> <\/strong><strong>nuevos materiales y sistemas constructivos.<\/strong><\/p>\n\n\n\n<p class=\"has-ast-global-color-5-color has-text-color has-medium-font-size\">Ofrecer lo mejor de nuestra empresa, nuestro conocimiento &nbsp;experiencia, las mejores soluciones t\u00e9cnicas en las distintas \u00e1reas tecnol\u00f3gicas, aplicadas a los sectores del&nbsp;<strong>Transporte, las Telecomunicaciones, <\/strong><strong>Construcci\u00f3n, <\/strong><strong>Energ\u00eda e Industria<\/strong>&nbsp;como herramienta para la mejora continua de nuestros productos y servicios, con el objetivo de alcanzar una posici\u00f3n de referencia en materia de I+D+I en dichos sectores.<\/p>\n<\/div>\n<\/div>\n\n\n\n<h2 class=\"wp-block-heading has-ast-global-color-5-color has-text-color\">MISION<\/h2>\n\n\n\n<div class=\"wp-block-columns is-layout-flex wp-container-core-columns-is-layout-28f84493 wp-block-columns-is-layout-flex\">\n<div class=\"wp-block-column is-layout-flow wp-block-column-is-layout-flow\" style=\"flex-basis:66.66%\">\n<p class=\"has-ast-global-color-5-color has-text-color has-medium-font-size\">Suministrar productos y servicio de excelencia, diferenciados y \u00fanicos, a la medida de nuestros clientes, que les permita hacer realidad sus ideas y proyectos de forma eficiente, contribuyendo activamente a la generaci\u00f3n de valor agregado de nuestros grupos de inter\u00e9s.<br>Comprometidos en la&nbsp;identificaci\u00f3n, dise\u00f1o, desarrollo y gesti\u00f3n de soluciones innovadoras&nbsp;teniendo como base las l\u00edneas estrat\u00e9gicas de nuestras marcas a nivel nacional e internacional.<\/p>\n<\/div>\n\n\n\n<div class=\"wp-block-column is-layout-flow wp-block-column-is-layout-flow\" style=\"flex-basis:33.33%\">\n<figure class=\"wp-block-image\"><img loading=\"lazy\" decoding=\"async\" width=\"1280\" height=\"942\" src=\"https:\/\/timcosas.com\/wp-content\/uploads\/2023\/05\/housebuilding-new-building-construction-site-1407499.jpg\" alt=\"housebuilding, new building, construction site-1407499.jpg\" class=\"wp-image-1527\" srcset=\"https:\/\/timcosas.com\/wp-content\/uploads\/2023\/05\/housebuilding-new-building-construction-site-1407499.jpg 1280w, https:\/\/timcosas.com\/wp-content\/uploads\/2023\/05\/housebuilding-new-building-construction-site-1407499-600x442.jpg 600w, https:\/\/timcosas.com\/wp-content\/uploads\/2023\/05\/housebuilding-new-building-construction-site-1407499-300x221.jpg 300w, https:\/\/timcosas.com\/wp-content\/uploads\/2023\/05\/housebuilding-new-building-construction-site-1407499-1024x754.jpg 1024w, https:\/\/timcosas.com\/wp-content\/uploads\/2023\/05\/housebuilding-new-building-construction-site-1407499-768x565.jpg 768w\" sizes=\"auto, (max-width: 1280px) 100vw, 1280px\" \/><\/figure>\n<\/div>\n<\/div>\n<\/div><\/div>\n\n\n\n<div class=\"wp-block-uagb-container uagb-block-b324b7ab alignfull uagb-is-root-container\"><div class=\"uagb-container-inner-blocks-wrap\">\n<div class=\"wp-block-uagb-advanced-heading uagb-block-fb5a32ed\"><h2 class=\"uagb-heading-text\">Principios y Valores<\/h2><\/div>\n\n\n\n<div class=\"wp-block-uagb-container uagb-block-f97636a4\">\n<div class=\"wp-block-uagb-container uagb-block-8f78dded\">\n<div class=\"wp-block-uagb-info-box uagb-block-01a93669 uagb-infobox__content-wrap  uagb-infobox-icon-above-title uagb-infobox-image-valign-top\"><div class=\"uagb-ifb-content\"><div class=\"uagb-ifb-icon-wrap\"><svg xmlns=\"https:\/\/www.w3.org\/2000\/svg\" viewBox=\"0 0 512 512\"><path d=\"M0 256C0 114.6 114.6 0 256 0C397.4 0 512 114.6 512 256C512 397.4 397.4 512 256 512C114.6 512 0 397.4 0 256zM371.8 211.8C382.7 200.9 382.7 183.1 371.8 172.2C360.9 161.3 343.1 161.3 332.2 172.2L224 280.4L179.8 236.2C168.9 225.3 151.1 225.3 140.2 236.2C129.3 247.1 129.3 264.9 140.2 275.8L204.2 339.8C215.1 350.7 232.9 350.7 243.8 339.8L371.8 211.8z\"><\/path><\/svg><\/div><div class=\"uagb-ifb-title-wrap\"><h6 class=\"uagb-ifb-title\">Aumentar Calidad de Vida<\/h6><\/div><p class=\"uagb-ifb-desc\">A trav\u00e9s de la generaci\u00f3n de empleo y la oferta de productos y servicios con alto valor tecnol\u00f3gico <\/p><\/div><\/div>\n\n\n\n<div class=\"wp-block-uagb-buttons uagb-buttons__outer-wrap uagb-btn__default-btn uagb-btn-tablet__default-btn uagb-btn-mobile__default-btn uagb-block-dd750ad3\"><div class=\"uagb-buttons__wrap uagb-buttons-layout-wrap\">\n<div class=\"wp-block-uagb-buttons-child uagb-buttons__outer-wrap uagb-block-fcc3baf8 wp-block-button is-style-outline\"><div class=\"uagb-button__wrapper\"><a class=\"uagb-buttons-repeater wp-block-button__link has-background has-text-color\" href=\"https:\/\/timcosas.com\/index.php\/contact\/\" onclick=\"return true;\" rel=\"follow noopener\" target=\"_self\"><div class=\"uagb-button__link\">Conocer m\u00e1s<\/div><\/a><\/div><\/div>\n<\/div><\/div>\n<\/div>\n\n\n\n<div class=\"wp-block-uagb-container uagb-block-1ffae6f2\">\n<div class=\"wp-block-uagb-info-box uagb-block-84b5ee50 uagb-infobox__content-wrap  uagb-infobox-icon-above-title uagb-infobox-image-valign-top\"><div class=\"uagb-ifb-content\"><div class=\"uagb-ifb-icon-wrap\"><svg xmlns=\"https:\/\/www.w3.org\/2000\/svg\" viewBox=\"0 0 640 512\"><path d=\"M622.3 271.1l-115.1-45.01c-4.125-1.629-12.62-3.754-22.25 0L369.8 271.1C359 275.2 352 285.1 352 295.1c0 111.6 68.75 188.8 132.9 213.9c9.625 3.75 18 1.625 22.25 0C558.4 489.9 640 420.5 640 295.1C640 285.1 633 275.2 622.3 271.1zM496 462.4V273.2l95.5 37.38C585.9 397.8 530.6 446 496 462.4zM224 256c70.7 0 128-57.31 128-128S294.7 0 224 0C153.3 0 96 57.31 96 128S153.3 256 224 256zM320.6 310.3C305.9 306.3 290.6 304 274.7 304H173.3C77.61 304 0 381.7 0 477.4C0 496.5 15.52 512 34.66 512H413.3c3.143 0 5.967-1.004 8.861-1.789C369.7 469.8 324.1 400.3 320.6 310.3z\"><\/path><\/svg><\/div><div class=\"uagb-ifb-title-wrap\"><h6 class=\"uagb-ifb-title\"><strong><strong>Desarrollo profesional<\/strong><\/strong><\/h6><\/div><p class=\"uagb-ifb-desc\">De nuestros colaboradores como los de nuestros clientes, a trav\u00e9s de un proceso continuo de formaci\u00f3n.<\/p><\/div><\/div>\n\n\n\n<div class=\"wp-block-uagb-buttons uagb-buttons__outer-wrap uagb-btn__default-btn uagb-btn-tablet__default-btn uagb-btn-mobile__default-btn uagb-block-1d0583b4\"><div class=\"uagb-buttons__wrap uagb-buttons-layout-wrap\">\n<div class=\"wp-block-uagb-buttons-child uagb-buttons__outer-wrap uagb-block-4ba5b7e6 wp-block-button is-style-outline\"><div class=\"uagb-button__wrapper\"><a class=\"uagb-buttons-repeater wp-block-button__link has-background has-text-color\" href=\"https:\/\/timcosas.com\/index.php\/contact\/\" onclick=\"return true;\" rel=\"follow noopener\" target=\"_self\"><div class=\"uagb-button__link\">conocer m\u00e1s<\/div><\/a><\/div><\/div>\n<\/div><\/div>\n<\/div>\n\n\n\n<div class=\"wp-block-uagb-container uagb-block-82f97418\">\n<div class=\"wp-block-uagb-info-box uagb-block-1154583c uagb-infobox__content-wrap  uagb-infobox-icon-above-title uagb-infobox-image-valign-top\"><div class=\"uagb-ifb-content\"><div class=\"uagb-ifb-icon-wrap\"><svg xmlns=\"https:\/\/www.w3.org\/2000\/svg\" viewBox=\"0 0 576 512\"><path d=\"M544 280.9c0-89.17-61.83-165.4-139.6-197.4L352 174.2V49.78C352 39.91 344.1 32 334.2 32H241.8C231.9 32 224 39.91 224 49.78v124.4L171.6 83.53C93.83 115.5 32 191.7 32 280.9L31.99 352h512L544 280.9zM574.7 393.7C572.2 387.8 566.4 384 560 384h-544c-6.375 0-12.16 3.812-14.69 9.656c-2.531 5.875-1.344 12.69 3.062 17.34C7.031 413.8 72.02 480 287.1 480s280.1-66.19 283.6-69C576 406.3 577.2 399.5 574.7 393.7z\"><\/path><\/svg><\/div><div class=\"uagb-ifb-title-wrap\"><h6 class=\"uagb-ifb-title\"><strong><strong>Confianza<\/strong><\/strong><\/h6><\/div><p class=\"uagb-ifb-desc\">De nuestros clientes en los productos y servicios ofertados, que d\u00eda a d\u00eda respaldamos con nuestros procesos de I+D+I permiti\u00e9ndonos ofrecerles siempre lo mejor <\/p><\/div><\/div>\n\n\n\n<div class=\"wp-block-uagb-buttons uagb-buttons__outer-wrap uagb-btn__default-btn uagb-btn-tablet__default-btn uagb-btn-mobile__default-btn uagb-block-f2c49bb5\"><div class=\"uagb-buttons__wrap uagb-buttons-layout-wrap\">\n<div class=\"wp-block-uagb-buttons-child uagb-buttons__outer-wrap uagb-block-132be3ee wp-block-button is-style-outline\"><div class=\"uagb-button__wrapper\"><a class=\"uagb-buttons-repeater wp-block-button__link has-background has-text-color\" href=\"https:\/\/timcosas.com\/index.php\/contact\/\" onclick=\"return true;\" rel=\"follow noopener\" target=\"_self\"><div class=\"uagb-button__link\">conocer m\u00e1s<\/div><\/a><\/div><\/div>\n<\/div><\/div>\n<\/div>\n\n\n\n<div class=\"wp-block-uagb-container uagb-block-55d36171\">\n<div class=\"wp-block-uagb-info-box uagb-block-9908491d uagb-infobox__content-wrap  uagb-infobox-icon-above-title uagb-infobox-image-valign-top\"><div class=\"uagb-ifb-content\"><div class=\"uagb-ifb-icon-wrap\"><svg xmlns=\"https:\/\/www.w3.org\/2000\/svg\" viewBox=\"0 0 384 512\"><path d=\"M288 358.3c13.98-8.088 17.53-30.04 28.88-41.39c11.35-11.35 33.3-14.88 41.39-28.87c7.98-13.79 .1658-34.54 4.373-50.29C366.7 222.5 383.1 208.5 383.1 192c0-16.5-17.27-30.52-21.34-45.73c-4.207-15.75 3.612-36.5-4.365-50.29c-8.086-13.98-30.03-17.52-41.38-28.87c-11.35-11.35-14.89-33.3-28.87-41.39c-13.79-7.979-34.54-.1637-50.29-4.375C222.5 17.27 208.5 0 192 0C175.5 0 161.5 17.27 146.3 21.34C130.5 25.54 109.8 17.73 95.98 25.7C82 33.79 78.46 55.74 67.11 67.08C55.77 78.43 33.81 81.97 25.72 95.95C17.74 109.7 25.56 130.5 21.35 146.2C17.27 161.5 .0008 175.5 .0008 192c0 16.5 17.27 30.52 21.34 45.73c4.207 15.75-3.615 36.5 4.361 50.29C33.8 302 55.74 305.5 67.08 316.9c11.35 11.35 14.89 33.3 28.88 41.4c13.79 7.979 34.53 .1582 50.28 4.369C161.5 366.7 175.5 384 192 384c16.5 0 30.52-17.27 45.74-21.34C253.5 358.5 274.2 366.3 288 358.3zM112 192c0-44.27 35.81-80 80-80s80 35.73 80 80c0 44.17-35.81 80-80 80S112 236.2 112 192zM1.719 433.2c-3.25 8.188-1.781 17.48 3.875 24.25c5.656 6.75 14.53 9.898 23.12 8.148l45.19-9.035l21.43 42.27C99.46 507 107.6 512 116.7 512c.3438 0 .6641-.0117 1.008-.0273c9.5-.375 17.65-6.082 21.24-14.88l33.58-82.08c-53.71-4.639-102-28.12-138.2-63.95L1.719 433.2zM349.6 351.1c-36.15 35.83-84.45 59.31-138.2 63.95l33.58 82.08c3.594 8.797 11.74 14.5 21.24 14.88C266.6 511.1 266.1 512 267.3 512c9.094 0 17.23-4.973 21.35-13.14l21.43-42.28l45.19 9.035c8.594 1.75 17.47-1.398 23.12-8.148c5.656-6.766 7.125-16.06 3.875-24.25L349.6 351.1z\"><\/path><\/svg><\/div><div class=\"uagb-ifb-title-wrap\"><h6 class=\"uagb-ifb-title\"><strong><strong>Transparencia<\/strong><\/strong><\/h6><\/div><p class=\"uagb-ifb-desc\">Actuamos de manera clara y confiable frete a nuestros clientes para que siempre sepan que esperar y recibir de nuestra compa\u00f1\u00eda.<\/p><\/div><\/div>\n\n\n\n<div class=\"wp-block-uagb-buttons uagb-buttons__outer-wrap uagb-btn__default-btn uagb-btn-tablet__default-btn uagb-btn-mobile__default-btn uagb-block-35b3357e\"><div class=\"uagb-buttons__wrap uagb-buttons-layout-wrap\">\n<div class=\"wp-block-uagb-buttons-child uagb-buttons__outer-wrap uagb-block-cb176225 wp-block-button is-style-outline\"><div class=\"uagb-button__wrapper\"><a class=\"uagb-buttons-repeater wp-block-button__link has-background has-text-color\" href=\"https:\/\/timcosas.com\/index.php\/contact\/\" onclick=\"return true;\" rel=\"follow noopener\" target=\"_self\"><div class=\"uagb-button__link\">conocer m\u00e1s<\/div><\/a><\/div><\/div>\n<\/div><\/div>\n<\/div>\n<\/div>\n\n\n\n<div class=\"wp-block-uagb-info-box uagb-block-f1f4853c uagb-infobox__content-wrap  uagb-infobox-icon-above-title uagb-infobox-image-valign-top\"><div class=\"uagb-ifb-content\"><div class=\"uagb-ifb-icon-wrap\"><svg xmlns=\"https:\/\/www.w3.org\/2000\/svg\" viewBox=\"0 0 512 512\"><path d=\"M0 256C0 114.6 114.6 0 256 0C397.4 0 512 114.6 512 256C512 397.4 397.4 512 256 512C114.6 512 0 397.4 0 256zM371.8 211.8C382.7 200.9 382.7 183.1 371.8 172.2C360.9 161.3 343.1 161.3 332.2 172.2L224 280.4L179.8 236.2C168.9 225.3 151.1 225.3 140.2 236.2C129.3 247.1 129.3 264.9 140.2 275.8L204.2 339.8C215.1 350.7 232.9 350.7 243.8 339.8L371.8 211.8z\"><\/path><\/svg><\/div><div class=\"uagb-ifb-title-wrap\"><h3 class=\"uagb-ifb-title\">Son Nuestros Pilares<\/h3><\/div><p class=\"uagb-ifb-desc\">El esfuerzo como valor fundamental que nos ha hecho lo que somos. La ilusi\u00f3n, la formaci\u00f3n continua, el desarrollo del talento; la colaboraci\u00f3n, indispensable en un mundo que evoluciona tan deprisa<\/p><\/div><\/div>\n<\/div><\/div>\n","protected":false},"excerpt":{"rendered":"<p>TIMCO S.A.S. Plataforma Estrat\u00e9gica Empresarial Pol\u00edtica Empresarial La Direcci\u00f3n de TIMCO S.A.S. considera como principios b\u00e1sicos de su gesti\u00f3n y objetivo fundamental para ser competitiva en el mercado, de vital importancia fijar las acciones de I+D+I en la empresa. Para ello cuenta con los recursos humanos y materiales que garanticen la innovaci\u00f3n tecnol\u00f3gica y el [&hellip;]<\/p>\n","protected":false},"author":1,"featured_media":0,"parent":0,"menu_order":0,"comment_status":"closed","ping_status":"closed","template":"","meta":{"_uag_custom_page_level_css":"","site-sidebar-layout":"no-sidebar","site-content-layout":"plain-container","ast-site-content-layout":"","site-content-style":"default","site-sidebar-style":"default","ast-global-header-display":"","ast-banner-title-visibility":"","ast-main-header-display":"","ast-hfb-above-header-display":"","ast-hfb-below-header-display":"","ast-hfb-mobile-header-display":"","site-post-title":"disabled","ast-breadcrumbs-content":"","ast-featured-img":"disabled","footer-sml-layout":"","theme-transparent-header-meta":"enabled","adv-header-id-meta":"","stick-header-meta":"","header-above-stick-meta":"","header-main-stick-meta":"","header-below-stick-meta":"","astra-migrate-meta-layouts":"default","ast-page-background-enabled":"default","ast-page-background-meta":{"desktop":{"background-color":"","background-image":"","background-repeat":"repeat","background-position":"center center","background-size":"auto","background-attachment":"scroll","background-type":"","background-media":"","overlay-type":"","overlay-color":"","overlay-gradient":""},"tablet":{"background-color":"","background-image":"","background-repeat":"repeat","background-position":"center center","background-size":"auto","background-attachment":"scroll","background-type":"","background-media":"","overlay-type":"","overlay-color":"","overlay-gradient":""},"mobile":{"background-color":"","background-image":"","background-repeat":"repeat","background-position":"center center","background-size":"auto","background-attachment":"scroll","background-type":"","background-media":"","overlay-type":"","overlay-color":"","overlay-gradient":""}},"ast-content-background-meta":{"desktop":{"background-color":"var(--ast-global-color-5)","background-image":"","background-repeat":"repeat","background-position":"center center","background-size":"auto","background-attachment":"scroll","background-type":"","background-media":"","overlay-type":"","overlay-color":"","overlay-gradient":""},"tablet":{"background-color":"var(--ast-global-color-5)","background-image":"","background-repeat":"repeat","background-position":"center center","background-size":"auto","background-attachment":"scroll","background-type":"","background-media":"","overlay-type":"","overlay-color":"","overlay-gradient":""},"mobile":{"background-color":"var(--ast-global-color-5)","background-image":"","background-repeat":"repeat","background-position":"center center","background-size":"auto","background-attachment":"scroll","background-type":"","background-media":"","overlay-type":"","overlay-color":"","overlay-gradient":""}},"footnotes":""},"class_list":["post-908","page","type-page","status-publish","hentry"],"jetpack_sharing_enabled":true,"uagb_featured_image_src":{"full":false,"thumbnail":false,"medium":false,"medium_large":false,"large":false,"1536x1536":false,"2048x2048":false,"woocommerce_thumbnail":false,"woocommerce_single":false,"woocommerce_gallery_thumbnail":false},"uagb_author_info":{"display_name":"murillom.wilson@gmail.com","author_link":"https:\/\/timcosas.com\/index.php\/author\/murillom-wilsongmail-com\/"},"uagb_comment_info":0,"uagb_excerpt":"TIMCO S.A.S. Plataforma Estrat\u00e9gica Empresarial Pol\u00edtica Empresarial La Direcci\u00f3n de TIMCO S.A.S. considera como principios b\u00e1sicos de su gesti\u00f3n y objetivo fundamental para ser competitiva en el mercado, de vital importancia fijar las acciones de I+D+I en la empresa. Para ello cuenta con los recursos humanos y materiales que garanticen la innovaci\u00f3n tecnol\u00f3gica y el&hellip;","_links":{"self":[{"href":"https:\/\/timcosas.com\/index.php\/wp-json\/wp\/v2\/pages\/908","targetHints":{"allow":["GET"]}}],"collection":[{"href":"https:\/\/timcosas.com\/index.php\/wp-json\/wp\/v2\/pages"}],"about":[{"href":"https:\/\/timcosas.com\/index.php\/wp-json\/wp\/v2\/types\/page"}],"author":[{"embeddable":true,"href":"https:\/\/timcosas.com\/index.php\/wp-json\/wp\/v2\/users\/1"}],"replies":[{"embeddable":true,"href":"https:\/\/timcosas.com\/index.php\/wp-json\/wp\/v2\/comments?post=908"}],"version-history":[{"count":6,"href":"https:\/\/timcosas.com\/index.php\/wp-json\/wp\/v2\/pages\/908\/revisions"}],"predecessor-version":[{"id":1638,"href":"https:\/\/timcosas.com\/index.php\/wp-json\/wp\/v2\/pages\/908\/revisions\/1638"}],"wp:attachment":[{"href":"https:\/\/timcosas.com\/index.php\/wp-json\/wp\/v2\/media?parent=908"}],"curies":[{"name":"wp","href":"https:\/\/api.w.org\/{rel}","templated":true}]}}