{"id":1514,"date":"2023-05-23T21:06:15","date_gmt":"2023-05-24T02:06:15","guid":{"rendered":"https:\/\/timcosas.com\/?page_id=1514"},"modified":"2023-06-08T20:43:18","modified_gmt":"2023-06-09T01:43:18","slug":"hcca","status":"publish","type":"page","link":"https:\/\/timcosas.com\/index.php\/hcca\/","title":{"rendered":"HCCA"},"content":{"rendered":"\n<p><\/p>\n\n\n\n<div class=\"wp-block-uagb-container uagb-block-7ce2ea54 alignfull uagb-is-root-container\"><div class=\"uagb-container-inner-blocks-wrap\">\n<div class=\"wp-block-uagb-advanced-heading uagb-block-8da63eb6\"><h1 class=\"uagb-heading-text\">Hormig\u00f3n Celular Curado en Autoclave <\/h1><\/div>\n<\/div><\/div>\n\n\n\n<div class=\"wp-block-uagb-container uagb-block-eef3ba34 alignfull uagb-is-root-container\"><div class=\"uagb-container-inner-blocks-wrap\">\n<div class=\"wp-block-uagb-advanced-heading uagb-block-a2c457af\"><h2 class=\"uagb-heading-text\"><strong>\u00bfQU\u00c9 ES EL HCCA?<\/strong><\/h2><\/div>\n\n\n\n<div class=\"wp-block-uagb-advanced-heading uagb-block-9bcd4276\"><p class=\"uagb-heading-text\">El Hormig\u00f3n Celular Curado en Autoclave es una mezcla de aglomerantes, \u00e1ridos finamente molidos y agua, m\u00e1s el agregado de un agente expansor que genera por reacci\u00f3n qu\u00edmica millones de burbujas de aire, dosificados autom\u00e1ticamente en un riguroso proceso industrial y sometidos a un curado a alta presi\u00f3n en autoclaves de vapor de agua lo cual garantiza que se produzcan las reacciones qu\u00edmicas necesarias para la estabilizaci\u00f3n dimensional del material, confiri\u00e9ndole adem\u00e1s las propiedades termomec\u00e1nicas que lo caracterizan.<\/p><\/div>\n\n\n\n<div class=\"wp-block-uagb-advanced-heading uagb-block-910f3805\"><h2 class=\"uagb-heading-text\"><strong>HCCA &#8211; Caracter\u00edsticas<\/strong><\/h2><\/div>\n\n\n\n<div class=\"wp-block-uagb-container uagb-block-2f37afaa\">\n<div class=\"wp-block-uagb-container uagb-block-fa9165ca\">\n<div class=\"wp-block-uagb-info-box uagb-block-0771c0dc uagb-infobox__content-wrap  uagb-infobox-icon-above-title uagb-infobox-image-valign-top\"><div class=\"uagb-ifb-content\"><div class=\"uagb-ifb-image-content\"><img decoding=\"async\" src=\"http:\/\/timcosas.com\/wp-content\/uploads\/2023\/06\/imagen_2023-06-08_201412691.png\" alt=\"\" width=\"897\" height=\"868\" loading=\"lazy\"\/><\/div><div class=\"uagb-ifb-title-wrap\"><h4 class=\"uagb-ifb-title\">Aislante T\u00e9rmico<\/h4><\/div><p class=\"uagb-ifb-desc\">Protecci\u00f3n contra el fr\u00edo o calor, proporciona hasta un 35% de ahorro de por vida en el consumo de energ\u00eda. que mantienen la estabilidad en temperaturas interiores.<\/p><\/div><\/div>\n<\/div>\n\n\n\n<div class=\"wp-block-uagb-container uagb-block-76a7d6b2\">\n<div class=\"wp-block-uagb-info-box uagb-block-82ac839a uagb-infobox__content-wrap  uagb-infobox-icon-above-title uagb-infobox-image-valign-top\"><div class=\"uagb-ifb-content\"><div class=\"uagb-ifb-image-content\"><img decoding=\"async\" src=\"http:\/\/timcosas.com\/wp-content\/uploads\/2023\/06\/2.5.1-Acustico.png\" alt=\"\" width=\"967\" height=\"936\" loading=\"lazy\"\/><\/div><div class=\"uagb-ifb-title-wrap\"><h4 class=\"uagb-ifb-title\">Aislante Ac\u00fastico<\/h4><\/div><p class=\"uagb-ifb-desc\">Reduce la transmisi\u00f3n del ruido exterior e interior, de cuarto a cuarto al ser 100% s\u00f3lido.<\/p><\/div><\/div>\n<\/div>\n\n\n\n<div class=\"wp-block-uagb-container uagb-block-9440bf62\">\n<div class=\"wp-block-uagb-info-box uagb-block-9df10ae2 uagb-infobox__content-wrap  uagb-infobox-icon-above-title uagb-infobox-image-valign-top\"><div class=\"uagb-ifb-content\"><div class=\"uagb-ifb-image-content\"><img decoding=\"async\" src=\"http:\/\/timcosas.com\/wp-content\/uploads\/2023\/06\/2.2.1-Resistencia-Al-Fuego.png\" alt=\"\" width=\"949\" height=\"1057\" loading=\"lazy\"\/><\/div><div class=\"uagb-ifb-title-wrap\"><h4 class=\"uagb-ifb-title\">Resistencia al Fuego\u200b\u200b<\/h4><\/div><p class=\"uagb-ifb-desc\">clasificaci\u00f3n de resistencia al fuego hasta por cuatro horas, manteniendo la estructura integra. Nuestros sistemas no alimentan la flama y por lo tanto evitan que el fuego se propague.<\/p><\/div><\/div>\n<\/div>\n\n\n\n<div class=\"wp-block-uagb-container uagb-block-b4ff2bd0\">\n<div class=\"wp-block-uagb-info-box uagb-block-1cfe5810 uagb-infobox__content-wrap  uagb-infobox-icon-above-title uagb-infobox-image-valign-top\"><div class=\"uagb-ifb-content\"><div class=\"uagb-ifb-image-content\"><img decoding=\"async\" src=\"http:\/\/timcosas.com\/wp-content\/uploads\/2023\/06\/2.7-Hidrofubo.png\" alt=\"\" width=\"958\" height=\"960\" loading=\"lazy\"\/><\/div><div class=\"uagb-ifb-title-wrap\"><h4 class=\"uagb-ifb-title\">Resistencia a la Humedad<\/h4><\/div><p class=\"uagb-ifb-desc\">Permite el paso de vapor de agua, reduciendo la condensaci\u00f3n.<\/p><\/div><\/div>\n<\/div>\n\n\n\n<div class=\"wp-block-uagb-container uagb-block-cc5f8f2d\">\n<div class=\"wp-block-uagb-info-box uagb-block-e4c43b33 uagb-infobox__content-wrap  uagb-infobox-icon-above-title uagb-infobox-image-valign-top\"><div class=\"uagb-ifb-content\"><div class=\"uagb-ifb-image-content\"><img decoding=\"async\" src=\"http:\/\/timcosas.com\/wp-content\/uploads\/2023\/06\/2.1-Pluma.png\" alt=\"\" width=\"796\" height=\"1275\" loading=\"lazy\"\/><\/div><div class=\"uagb-ifb-title-wrap\"><h4 class=\"uagb-ifb-title\">Material Ligero<\/h4><\/div><p class=\"uagb-ifb-desc\">Es de 4 a 8 veces m\u00e1s ligero que el concreto tradicional, proporcionando mayor rapidez de construcci\u00f3n y un menor peso estructural de obra.<\/p><\/div><\/div>\n<\/div>\n\n\n\n<div class=\"wp-block-uagb-container uagb-block-628ae509\">\n<div class=\"wp-block-uagb-info-box uagb-block-d432b2fa uagb-infobox__content-wrap  uagb-infobox-icon-above-title uagb-infobox-image-valign-top\"><div class=\"uagb-ifb-content\"><div class=\"uagb-ifb-image-content\"><img decoding=\"async\" src=\"http:\/\/timcosas.com\/wp-content\/uploads\/2023\/06\/2.3-Resistencia-Estructural.png\" alt=\"\" width=\"927\" height=\"720\" loading=\"lazy\"\/><\/div><div class=\"uagb-ifb-title-wrap\"><h4 class=\"uagb-ifb-title\">Resistencia Estructural<\/h4><\/div><p class=\"uagb-ifb-desc\">Resistente a cargas de entrepiso y azotea, permitiendo la elaboraci\u00f3n de obras de hasta 4 pisos como ladrillo portante.<\/p><\/div><\/div>\n<\/div>\n<\/div>\n<\/div><\/div>\n\n\n\n<div class=\"wp-block-uagb-container uagb-block-f0cef6bb alignfull uagb-is-root-container\"><div class=\"uagb-container-inner-blocks-wrap\">\n<div class=\"wp-block-uagb-container uagb-block-f943d5f5\">\n<div class=\"wp-block-uagb-advanced-heading uagb-block-8349cf41\"><h2 class=\"uagb-heading-text\"><strong><strong>Nuestras Lineas de Productos HCCA<\/strong><\/strong><\/h2><p class=\"uagb-desc-text\">M\u00e1xima Calidad en Aislamiento Termoac\u00fastico<\/p><\/div>\n\n\n\n<div class=\"wp-block-uagb-icon-list uagb-block-47b2645f\"><div class=\"uagb-icon-list__wrap\">\n<div class=\"wp-block-uagb-icon-list-child uagb-block-c0126442\"><a target=\"_self\" aria-label=\"Bloque Piso Techo\" rel=\"noopener noreferrer\" href=\"https:\/\/timcosas.com\/index.php\/shop\/\"> <\/a><span class=\"uagb-icon-list__source-wrap\"><svg xmlns=\"https:\/\/www.w3.org\/2000\/svg\" viewBox=\"0 0 512 512\"><path d=\"M256 0C114.6 0 0 114.6 0 256c0 141.4 114.6 256 256 256s256-114.6 256-256C512 114.6 397.4 0 256 0zM406.6 278.6l-103.1 103.1c-12.5 12.5-32.75 12.5-45.25 0s-12.5-32.75 0-45.25L306.8 288H128C110.3 288 96 273.7 96 256s14.31-32 32-32h178.8l-49.38-49.38c-12.5-12.5-12.5-32.75 0-45.25s32.75-12.5 45.25 0l103.1 103.1C414.6 241.3 416 251.1 416 256C416 260.9 414.6 270.7 406.6 278.6z\"><\/path><\/svg><\/span><span class=\"uagb-icon-list__label\">Bloque Piso Techo<\/span><\/div>\n\n\n\n<div class=\"wp-block-uagb-icon-list-child uagb-block-de1c5edd\"><a target=\"_self\" aria-label=\"Bloque Mamposter\u00eda Confinada\" rel=\"noopener noreferrer\" href=\"https:\/\/timcosas.com\/index.php\/shop\/\"> <\/a><span class=\"uagb-icon-list__source-wrap\"><svg xmlns=\"https:\/\/www.w3.org\/2000\/svg\" viewBox=\"0 0 512 512\"><path d=\"M256 0C114.6 0 0 114.6 0 256c0 141.4 114.6 256 256 256s256-114.6 256-256C512 114.6 397.4 0 256 0zM406.6 278.6l-103.1 103.1c-12.5 12.5-32.75 12.5-45.25 0s-12.5-32.75 0-45.25L306.8 288H128C110.3 288 96 273.7 96 256s14.31-32 32-32h178.8l-49.38-49.38c-12.5-12.5-12.5-32.75 0-45.25s32.75-12.5 45.25 0l103.1 103.1C414.6 241.3 416 251.1 416 256C416 260.9 414.6 270.7 406.6 278.6z\"><\/path><\/svg><\/span><span class=\"uagb-icon-list__label\">Bloque Mamposter\u00eda Confinada<\/span><\/div>\n\n\n\n<div class=\"wp-block-uagb-icon-list-child uagb-block-f4352876\"><a target=\"_self\" aria-label=\"Bloque Mamposter\u00eda Reforzada\" rel=\"noopener noreferrer\" href=\"https:\/\/timcosas.com\/index.php\/shop\/\"> <\/a><span class=\"uagb-icon-list__source-wrap\"><svg xmlns=\"https:\/\/www.w3.org\/2000\/svg\" viewBox=\"0 0 512 512\"><path d=\"M256 0C114.6 0 0 114.6 0 256c0 141.4 114.6 256 256 256s256-114.6 256-256C512 114.6 397.4 0 256 0zM406.6 278.6l-103.1 103.1c-12.5 12.5-32.75 12.5-45.25 0s-12.5-32.75 0-45.25L306.8 288H128C110.3 288 96 273.7 96 256s14.31-32 32-32h178.8l-49.38-49.38c-12.5-12.5-12.5-32.75 0-45.25s32.75-12.5 45.25 0l103.1 103.1C414.6 241.3 416 251.1 416 256C416 260.9 414.6 270.7 406.6 278.6z\"><\/path><\/svg><\/span><span class=\"uagb-icon-list__label\">Bloque Mamposter\u00eda Reforzada<\/span><\/div>\n\n\n\n<div class=\"wp-block-uagb-icon-list-child uagb-block-a77a645a\"><a target=\"_self\" aria-label=\"Bloque de Entrepiso\" rel=\"noopener noreferrer\" href=\"https:\/\/timcosas.com\/index.php\/shop\/\"> <\/a><span class=\"uagb-icon-list__source-wrap\"><svg xmlns=\"https:\/\/www.w3.org\/2000\/svg\" viewBox=\"0 0 512 512\"><path d=\"M256 0C114.6 0 0 114.6 0 256c0 141.4 114.6 256 256 256s256-114.6 256-256C512 114.6 397.4 0 256 0zM406.6 278.6l-103.1 103.1c-12.5 12.5-32.75 12.5-45.25 0s-12.5-32.75 0-45.25L306.8 288H128C110.3 288 96 273.7 96 256s14.31-32 32-32h178.8l-49.38-49.38c-12.5-12.5-12.5-32.75 0-45.25s32.75-12.5 45.25 0l103.1 103.1C414.6 241.3 416 251.1 416 256C416 260.9 414.6 270.7 406.6 278.6z\"><\/path><\/svg><\/span><span class=\"uagb-icon-list__label\">Bloque de Entrepiso<\/span><\/div>\n\n\n\n<div class=\"wp-block-uagb-icon-list-child uagb-block-3d0df917\"><a target=\"_self\" aria-label=\"Bloque para Cubierta\" rel=\"noopener noreferrer\" href=\"https:\/\/timcosas.com\/index.php\/shop\/\"> <\/a><span class=\"uagb-icon-list__source-wrap\"><svg xmlns=\"https:\/\/www.w3.org\/2000\/svg\" viewBox=\"0 0 512 512\"><path d=\"M256 0C114.6 0 0 114.6 0 256c0 141.4 114.6 256 256 256s256-114.6 256-256C512 114.6 397.4 0 256 0zM406.6 278.6l-103.1 103.1c-12.5 12.5-32.75 12.5-45.25 0s-12.5-32.75 0-45.25L306.8 288H128C110.3 288 96 273.7 96 256s14.31-32 32-32h178.8l-49.38-49.38c-12.5-12.5-12.5-32.75 0-45.25s32.75-12.5 45.25 0l103.1 103.1C414.6 241.3 416 251.1 416 256C416 260.9 414.6 270.7 406.6 278.6z\"><\/path><\/svg><\/span><span class=\"uagb-icon-list__label\">Bloque para Cubierta<\/span><\/div>\n\n\n\n<div class=\"wp-block-uagb-icon-list-child uagb-block-b111dbe7\"><a target=\"_self\" aria-label=\"Dintel\" rel=\"noopener noreferrer\" href=\"https:\/\/timcosas.com\/index.php\/shop\/\"> <\/a><span class=\"uagb-icon-list__source-wrap\"><svg xmlns=\"https:\/\/www.w3.org\/2000\/svg\" viewBox=\"0 0 512 512\"><path d=\"M256 0C114.6 0 0 114.6 0 256c0 141.4 114.6 256 256 256s256-114.6 256-256C512 114.6 397.4 0 256 0zM406.6 278.6l-103.1 103.1c-12.5 12.5-32.75 12.5-45.25 0s-12.5-32.75 0-45.25L306.8 288H128C110.3 288 96 273.7 96 256s14.31-32 32-32h178.8l-49.38-49.38c-12.5-12.5-12.5-32.75 0-45.25s32.75-12.5 45.25 0l103.1 103.1C414.6 241.3 416 251.1 416 256C416 260.9 414.6 270.7 406.6 278.6z\"><\/path><\/svg><\/span><span class=\"uagb-icon-list__label\">Dintel<\/span><\/div>\n\n\n\n<div class=\"wp-block-uagb-icon-list-child uagb-block-8b7f865b\"><a target=\"_self\" aria-label=\"Morteros Adhesivos\" rel=\"noopener noreferrer\" href=\"https:\/\/timcosas.com\/index.php\/shop\/\"> <\/a><span class=\"uagb-icon-list__source-wrap\"><svg xmlns=\"https:\/\/www.w3.org\/2000\/svg\" viewBox=\"0 0 512 512\"><path d=\"M256 0C114.6 0 0 114.6 0 256c0 141.4 114.6 256 256 256s256-114.6 256-256C512 114.6 397.4 0 256 0zM406.6 278.6l-103.1 103.1c-12.5 12.5-32.75 12.5-45.25 0s-12.5-32.75 0-45.25L306.8 288H128C110.3 288 96 273.7 96 256s14.31-32 32-32h178.8l-49.38-49.38c-12.5-12.5-12.5-32.75 0-45.25s32.75-12.5 45.25 0l103.1 103.1C414.6 241.3 416 251.1 416 256C416 260.9 414.6 270.7 406.6 278.6z\"><\/path><\/svg><\/span><span class=\"uagb-icon-list__label\">Morteros Adhesivos<\/span><\/div>\n\n\n\n<div class=\"wp-block-uagb-icon-list-child uagb-block-a56871fe\"><a target=\"_self\" aria-label=\"Mortero revoque\" rel=\"noopener noreferrer\" href=\"https:\/\/timcosas.com\/index.php\/shop\/\"> <\/a><span class=\"uagb-icon-list__source-wrap\"><svg xmlns=\"https:\/\/www.w3.org\/2000\/svg\" viewBox=\"0 0 512 512\"><path d=\"M256 0C114.6 0 0 114.6 0 256c0 141.4 114.6 256 256 256s256-114.6 256-256C512 114.6 397.4 0 256 0zM406.6 278.6l-103.1 103.1c-12.5 12.5-32.75 12.5-45.25 0s-12.5-32.75 0-45.25L306.8 288H128C110.3 288 96 273.7 96 256s14.31-32 32-32h178.8l-49.38-49.38c-12.5-12.5-12.5-32.75 0-45.25s32.75-12.5 45.25 0l103.1 103.1C414.6 241.3 416 251.1 416 256C416 260.9 414.6 270.7 406.6 278.6z\"><\/path><\/svg><\/span><span class=\"uagb-icon-list__label\">Mortero revoque<\/span><\/div>\n<\/div><\/div>\n<\/div>\n<\/div><\/div>\n","protected":false},"excerpt":{"rendered":"<p>Hormig\u00f3n Celular Curado en Autoclave \u00bfQU\u00c9 ES EL HCCA? El Hormig\u00f3n Celular Curado en Autoclave es una mezcla de aglomerantes, \u00e1ridos finamente molidos y agua, m\u00e1s el agregado de un agente expansor que genera por reacci\u00f3n qu\u00edmica millones de burbujas de aire, dosificados autom\u00e1ticamente en un riguroso proceso industrial y sometidos a un curado a [&hellip;]<\/p>\n","protected":false},"author":1,"featured_media":0,"parent":0,"menu_order":0,"comment_status":"closed","ping_status":"closed","template":"","meta":{"_uag_custom_page_level_css":"","site-sidebar-layout":"default","site-content-layout":"","ast-site-content-layout":"","site-content-style":"default","site-sidebar-style":"default","ast-global-header-display":"","ast-banner-title-visibility":"","ast-main-header-display":"","ast-hfb-above-header-display":"","ast-hfb-below-header-display":"","ast-hfb-mobile-header-display":"","site-post-title":"","ast-breadcrumbs-content":"","ast-featured-img":"","footer-sml-layout":"","theme-transparent-header-meta":"","adv-header-id-meta":"","stick-header-meta":"","header-above-stick-meta":"","header-main-stick-meta":"","header-below-stick-meta":"","astra-migrate-meta-layouts":"default","ast-page-background-enabled":"default","ast-page-background-meta":{"desktop":{"background-color":"","background-image":"","background-repeat":"repeat","background-position":"center center","background-size":"auto","background-attachment":"scroll","background-type":"","background-media":"","overlay-type":"","overlay-color":"","overlay-gradient":""},"tablet":{"background-color":"","background-image":"","background-repeat":"repeat","background-position":"center center","background-size":"auto","background-attachment":"scroll","background-type":"","background-media":"","overlay-type":"","overlay-color":"","overlay-gradient":""},"mobile":{"background-color":"","background-image":"","background-repeat":"repeat","background-position":"center center","background-size":"auto","background-attachment":"scroll","background-type":"","background-media":"","overlay-type":"","overlay-color":"","overlay-gradient":""}},"ast-content-background-meta":{"desktop":{"background-color":"var(--ast-global-color-5)","background-image":"","background-repeat":"repeat","background-position":"center center","background-size":"auto","background-attachment":"scroll","background-type":"","background-media":"","overlay-type":"","overlay-color":"","overlay-gradient":""},"tablet":{"background-color":"var(--ast-global-color-5)","background-image":"","background-repeat":"repeat","background-position":"center center","background-size":"auto","background-attachment":"scroll","background-type":"","background-media":"","overlay-type":"","overlay-color":"","overlay-gradient":""},"mobile":{"background-color":"var(--ast-global-color-5)","background-image":"","background-repeat":"repeat","background-position":"center center","background-size":"auto","background-attachment":"scroll","background-type":"","background-media":"","overlay-type":"","overlay-color":"","overlay-gradient":""}},"footnotes":""},"class_list":["post-1514","page","type-page","status-publish","hentry"],"jetpack_sharing_enabled":true,"uagb_featured_image_src":{"full":false,"thumbnail":false,"medium":false,"medium_large":false,"large":false,"1536x1536":false,"2048x2048":false,"woocommerce_thumbnail":false,"woocommerce_single":false,"woocommerce_gallery_thumbnail":false},"uagb_author_info":{"display_name":"murillom.wilson@gmail.com","author_link":"https:\/\/timcosas.com\/index.php\/author\/murillom-wilsongmail-com\/"},"uagb_comment_info":0,"uagb_excerpt":"Hormig\u00f3n Celular Curado en Autoclave \u00bfQU\u00c9 ES EL HCCA? El Hormig\u00f3n Celular Curado en Autoclave es una mezcla de aglomerantes, \u00e1ridos finamente molidos y agua, m\u00e1s el agregado de un agente expansor que genera por reacci\u00f3n qu\u00edmica millones de burbujas de aire, dosificados autom\u00e1ticamente en un riguroso proceso industrial y sometidos a un curado a&hellip;","_links":{"self":[{"href":"https:\/\/timcosas.com\/index.php\/wp-json\/wp\/v2\/pages\/1514","targetHints":{"allow":["GET"]}}],"collection":[{"href":"https:\/\/timcosas.com\/index.php\/wp-json\/wp\/v2\/pages"}],"about":[{"href":"https:\/\/timcosas.com\/index.php\/wp-json\/wp\/v2\/types\/page"}],"author":[{"embeddable":true,"href":"https:\/\/timcosas.com\/index.php\/wp-json\/wp\/v2\/users\/1"}],"replies":[{"embeddable":true,"href":"https:\/\/timcosas.com\/index.php\/wp-json\/wp\/v2\/comments?post=1514"}],"version-history":[{"count":12,"href":"https:\/\/timcosas.com\/index.php\/wp-json\/wp\/v2\/pages\/1514\/revisions"}],"predecessor-version":[{"id":1628,"href":"https:\/\/timcosas.com\/index.php\/wp-json\/wp\/v2\/pages\/1514\/revisions\/1628"}],"wp:attachment":[{"href":"https:\/\/timcosas.com\/index.php\/wp-json\/wp\/v2\/media?parent=1514"}],"curies":[{"name":"wp","href":"https:\/\/api.w.org\/{rel}","templated":true}]}}